{"id":30,"date":"2017-05-24T15:35:51","date_gmt":"2017-05-24T13:35:51","guid":{"rendered":"http:\/\/speedy-care.testonline.biz\/?page_id=30"},"modified":"2023-05-15T17:36:14","modified_gmt":"2023-05-15T15:36:14","slug":"note-legali","status":"publish","type":"page","link":"https:\/\/www.speedy-care.it\/es\/note-legali\/","title":{"rendered":"Aviso legal"},"content":{"rendered":"<p><\/p>\n<h4>Informaci\u00f3n en virtud del art. 13 del D. Lgs. 196\/03<\/h4>\n<p>La presente nota informativa describe, de conformidad y a los efectos del Decreto Legislativo n.\u00ba 196\/2003 en materia de protecci\u00f3n de los datos personales (denominado \u00abC\u00f3digo\u00bb), las modalidades y finalidades de gesti\u00f3n de los datos facilitados por los usuarios del sitio.<br \/>\nSe realiza de conformidad con el art\u00edculo 13 del C\u00f3digo, as\u00ed como en consideraci\u00f3n de la Recomendaci\u00f3n n.\u00ba 2\/2001 sobre los requisitos m\u00ednimos para la recogida de datos en l\u00ednea en la Uni\u00f3n Europea, adoptada el 17 de mayo por el grupo de trabajo de las CE para la protecci\u00f3n de las personas en lo que respecta al tratamiento de datos personales, y se dirige a todos aquellos que accedan al sitio. Todo lo expuesto en esta nota informativa, salvo que se indique lo contrario, hace referencia \u00fanicamente al sitio web. Los gestores y autores del sitio no son responsables del contenido de los sitios de terceros vinculados directa o indirectamente a trav\u00e9s del enlace del sitio<\/p>\n<h4>Responsable del tratamiento<\/h4>\n<p>El responsable del tratamiento de los datos es O-PAC SRL Societ\u00e0 a Socio Unico con sede en via al Mognago, 42, Oggiono, LC, Italia C.F.\/P.I. 01826680132 El tratamiento de los datos ser\u00e1 realizado por empleados o colaboradores de la empresa, aunque trabajen en ella, en calidad de encargados o responsables del tratamiento. Tiene derecho a actualizar, modificar y suprimir sus datos escribiendo a la siguiente direcci\u00f3n de correo electr\u00f3nico: marketing@opac.it<\/p>\n<h4>Datos tratados y finalidad del tratamiento<\/h4>\n<p>La mera consulta del sitio no implica en s\u00ed misma la recogida o el tratamiento de datos personales del usuario, salvo los datos de navegaci\u00f3n y las cookies, cuya relevancia a efectos de privacidad se expone en los apartados siguientes. En caso de que los datos facilitados por el usuario incluyan datos pertenecientes a terceros, el usuario ser\u00e1 el responsable de garantizar a O-PAC SRL Societ\u00e0 a Socio Unico que obtendr\u00e1 su consentimiento para la recogida y el tratamiento de los datos.<br \/>\nEn cuanto a las finalidades del tratamiento, \u00e9stas se identifican con la finalizaci\u00f3n de la fase de suscripci\u00f3n y su posterior ejecuci\u00f3n, con el env\u00edo de mensajes relativos al registro y su funcionamiento y, previo consentimiento espec\u00edfico del usuario, con el env\u00edo de material promocional e ilustrativo de los productos\/servicios y, en su caso, del bolet\u00edn informativo del sitio.<\/p>\n<h4>Modalidades de tratamiento<\/h4>\n<p>En todos los casos, el tratamiento se llevar\u00e1 a cabo con la ayuda de instrumentos y procedimientos que garanticen la seguridad y la confidencialidad de conformidad con la ley y podr\u00e1 realizarse tanto en l\u00ednea como sin conexi\u00f3n. Se implementan medidas de seguridad espec\u00edficas para evitar la p\u00e9rdida de datos, usos il\u00edcitos o incorrectos y accesos no autorizados.<\/p>\n<h4>Consentimiento<\/h4>\n<p>Al registrarse, se invita al usuario a leer la informaci\u00f3n proporcionada de conformidad con el C\u00f3digo y a confirmar su consentimiento al tratamiento de los datos proporcionados en esa ocasi\u00f3n, para los fines descritos en cada caso. Este consentimiento y el suministro de los datos marcados como tales deben entenderse como obligatorios para completar el registro en el sitio y el uso de los servicios relacionados con el registro; el consentimiento ser\u00e1, por el contrario, facultativo con referencia al env\u00edo de material promocional y\/o informativo relativo a las actividades y productos\/servicios de O-PAC SRL Societ\u00e0 a Socio Unico.<\/p>\n<h4>\u00c1mbito de difusi\u00f3n de los datos<\/h4>\n<p>Los datos personales proporcionados por los usuarios ser\u00e1n procesados por O-PAC SRL Societ\u00e0 a Socio Unico o por personas designadas por la empresa como encargados o responsables. Tambi\u00e9n ser\u00e1n comunicados a terceros encargados de prestar servicios relacionados con las actividades del sitio y con el cumplimiento de obligaciones contractuales asumidas a trav\u00e9s de los mismos, quienes los almacenar\u00e1n y tratar\u00e1n para posibilitar el cumplimiento del servicio encomendado a cada uno de ellos. En concreto, se trata de proveedores de servicios tecnol\u00f3gicos y telem\u00e1ticos, proveedores de servicios log\u00edsticos y proveedores de sistemas y servicios de pago.<\/p>\n<h4>Datos de navegaci\u00f3n<\/h4>\n<p>Los sistemas inform\u00e1ticos y los procedimientos de software utilizados para el correcto funcionamiento del sitio adquieren, en el curso de su funcionamiento normal, determinados datos cuya transmisi\u00f3n est\u00e1 impl\u00edcita en el uso de los protocolos de comunicaci\u00f3n de Internet. Se trata de informaci\u00f3n que no se recoge para asociarla a interesados identificados pero que, por su propia naturaleza, podr\u00eda permitir identificar a los usuarios mediante su tratamiento y asociaci\u00f3n con datos en poder de terceros. Esta categor\u00eda de datos incluye las direcciones IP o los nombres de dominio de los ordenadores utilizados por los usuarios que se conectan al sitio, las direcciones de notaci\u00f3n URI de los recursos solicitados, la hora de la solicitud, el m\u00e9todo utilizado para enviar la solicitud al servidor, el tama\u00f1o del archivo obtenido como respuesta, el c\u00f3digo num\u00e9rico que indica el estado de la respuesta dada por el servidor (correcto, error, etc.) y otros par\u00e1metros relativos al sistema operativo y al entorno inform\u00e1tico del usuario.<br \/>\nEstos datos no se difunden, sino que se utilizan con el \u00fanico fin de obtener informaci\u00f3n estad\u00edstica an\u00f3nima sobre el uso del sitio y comprobar su correcto funcionamiento; se conservan durante los plazos definidos por la normativa legal pertinente. No obstante, los datos podr\u00edan utilizarse para determinar la responsabilidad en caso de hipot\u00e9ticos delitos inform\u00e1ticos contra el sitio.<\/p>\n<h4>Derechos del interesado<\/h4>\n<p>El usuario tiene derecho a obtener en cualquier momento la confirmaci\u00f3n de la existencia o inexistencia de los datos y a conocer su contenido y origen, a conocer las finalidades y modalidades del tratamiento, a conocer, en caso de tratamiento por medios electr\u00f3nicos, la l\u00f3gica aplicada a dicho tratamiento, a verificar su exactitud o solicitar su integraci\u00f3n o actualizaci\u00f3n, o su rectificaci\u00f3n (art. 7 del Decreto Legislativo n.\u00ba 196\/2003). En virtud del mismo art\u00edculo, el usuario tiene derecho a solicitar la supresi\u00f3n, la transformaci\u00f3n en forma an\u00f3nima o el bloqueo de los datos tratados en violaci\u00f3n de la ley, as\u00ed como a oponerse, en cualquier caso, por motivos leg\u00edtimos, a su tratamiento. Los datos personales del usuario se tratar\u00e1n de conformidad con la legislaci\u00f3n italiana (Decreto Legislativo n.\u00ba 196\/2003) y se regir\u00e1n por ella. Los derechos podr\u00e1n ejercerse mediante el env\u00edo de una simple comunicaci\u00f3n escrita dirigida a O-PAC SRL Societ\u00e0 a Socio Unico, con domicilio social en via al Mognago, 42, Oggiono, LC, Italia o a la direcci\u00f3n de correo electr\u00f3nico marketing@opac.it.<\/p>\n<h4>Cookies<\/h4>\n<p>Las cookies son peque\u00f1os archivos de texto que los sitios visitados por los usuarios env\u00edan a sus terminales, donde se almacenan y vuelven a transmitirse a los mismos sitios en la siguiente visita. Las cookies de terceros, por su parte, las establece un sitio web distinto del que el usuario est\u00e1 visitando: en cada sitio puede haber elementos como im\u00e1genes, mapas, sonidos, enlaces espec\u00edficos a p\u00e1ginas web de otros dominios que residen en servidores distintos al del sitio visitado. Las cookies se utilizan con diferentes fines: realizar la autenticaci\u00f3n del ordenador, controlar la sesi\u00f3n, almacenar informaci\u00f3n sobre configuraciones espec\u00edficas relativas a los usuarios que acceden al servidor, almacenar preferencias. Una cookie no puede recuperar ning\u00fan otro dato del disco duro del usuario ni transmitir virus o adquirir direcciones de correo electr\u00f3nico. Cada cookie es \u00fanica para el navegador del usuario.<\/p>\n<h4>Gesti\u00f3n de cookies a trav\u00e9s del navegador<\/h4>\n<p>El usuario puede revocar su consentimiento en cualquier momento y con efectos para el futuro mediante la selecci\u00f3n de los par\u00e1metros espec\u00edficos de su navegador que le permitan excluir la activaci\u00f3n de las cookies. Las modalidades son las siguientes:<br \/>\n\u2013 Internet Explorer: seleccione \u00abHerramientas\u00bb\/\u00abOpciones de Internet\u00bb, haga clic en \u00abPrivacidad\u00bb o \u00abConfidencialidad\u00bb y elija el nivel de privacidad deseado utilizando el cursor;<br \/>\n\u2013 Chrome: seleccione \u00abHerramientas\u00bb\/\u00abConfiguraci\u00f3n\u00bb, haga clic en \u00abMostrar configuraci\u00f3n avanzada\u00bb y, en la secci\u00f3n \u00abPrivacidad\u00bb, haga clic en \u00abConfiguraci\u00f3n de contenido\u00bb;<br \/>\n&#8211; Firefox: seleccione \u00abHerramientas\u00bb\/\u00abOpciones\u00bb y haga clic en \u00abPrivacidad\u00bb;<br \/>\n\u2013 Safari: seleccione Configuraci\u00f3n &gt; Safari &gt; Bloquear cookies y elija \u00abPermitir siempre\u00bb, \u00abPermitir solo de los sitios web que visito\u00bb, \u00abPermitir solo del sitio web actual\u00bb o \u00abBloquear siempre\u00bb.<br \/>\nSi el usuario bloquea o borra una cookie, puede resultar imposible restablecer las preferencias o personalizaciones establecidas.<\/p>\n<h4>Cookies t\u00e9cnicas de sesi\u00f3n<\/h4>\n<p>El uso de las denominadas cookies t\u00e9cnicas de sesi\u00f3n, que no se almacenan de forma persistente en el ordenador del usuario y desaparecen cuando se cierra el navegador, se limita estrictamente a la transmisi\u00f3n de los identificadores de sesi\u00f3n del usuario y del carrito de la compra. Sirven para permitir la exploraci\u00f3n segura y eficiente del sitio, y sirven para llevar a cabo y mantener la identificaci\u00f3n del usuario dentro de la sesi\u00f3n. De conformidad con el art\u00edculo 122, apartado 1, del C\u00f3digo en la redacci\u00f3n vigente tras la entrada en vigor del Decreto Legislativo 69\/2012, estas cookies tambi\u00e9n podr\u00e1n utilizarse sin el consentimiento del interesado.<\/p>\n<h4>Consentimiento para el uso de cookies<\/h4>\n<p>El usuario consiente el uso de cookies desplaz\u00e1ndose por la p\u00e1gina o pulsando el bot\u00f3n Cerrar del banner informativo. Si no da su consentimiento, deber\u00e1 desactivar las cookies de terceros que se especifican a continuaci\u00f3n.<\/p>\n<h4>Cookies de terceros<\/h4>\n<h4>Google Analytics<\/h4>\n<p>Google Analytics es un servicio de an\u00e1lisis web prestado por Google Inc. (\u00abGoogle\u00bb). Google utiliza los datos personales recopilados con el fin de evaluar el uso de este sitio web, recopilar informes y compartirlos con otros servicios prestados por Google.<br \/>\nGoogle puede utilizar los Datos Personales para contextualizar y personalizar los anuncios de su red publicitaria. Datos personales recogidos: Cookies y datos de uso.<\/p>\n<h4>Informes demogr\u00e1ficos y de intereses de Google Analytics<\/h4>\n<p>El servicio forma parte del servicio Google Analytics y permite elaborar perfiles an\u00f3nimos del usuario.<br \/>\nDatos personales recogidos: Cookies y datos de uso.<\/p>\n<h4>Google Maps<\/h4>\n<p>Google Maps es un servicio de visualizaci\u00f3n de mapas operado por Google Inc. que permite a este sitio web integrar dicho contenido en sus p\u00e1ginas.<br \/>\nDatos personales recogidos: Cookies y datos de uso.<\/p>\n<h4>Youtube Video<\/h4>\n<p>Youtube es un servicio de visualizaci\u00f3n de contenidos de v\u00eddeo operado por Google Inc. que permite a este sitio integrar dichos contenidos en sus p\u00e1ginas.<br \/>\nDatos personales recogidos: Cookies y datos de uso.<\/p>\n<h4>Vimeo Video<\/h4>\n<p>Vimeo es un servicio de visualizaci\u00f3n de contenidos de v\u00eddeo operado por Vimeo, LLC que permite a este sitio integrar dichos contenidos en sus p\u00e1ginas.<br \/>\nDatos personales recogidos: Cookies y datos de uso.<\/p>\n<h4>Registro y bolet\u00edn de noticias<\/h4>\n<p>Al suscribirse al bolet\u00edn de noticias o registrarse, la direcci\u00f3n de correo electr\u00f3nico del usuario se incluye en una lista de contactos a los que se pueden enviar mensajes de correo electr\u00f3nico con informaci\u00f3n, incluso de car\u00e1cter comercial y promocional, relacionada con este sitio. La direcci\u00f3n de correo electr\u00f3nico del usuario tambi\u00e9n puede a\u00f1adirse a esta lista tras registrarse en este sitio o despu\u00e9s de realizar una compra.<br \/>\nDatos personales recogidos: usuario, correo electr\u00f3nico, nombre, apellidos, empresa, fecha de nacimiento, lugar de nacimiento, direcci\u00f3n, localidad, c\u00f3digo postal, provincia, pa\u00eds, tel\u00e9fono, fax, tipo de perfil, c\u00f3digo fiscal, n\u00famero de IVA.<\/p>\n<h4>Geolocalizaci\u00f3n<\/h4>\n<p>Este sitio puede recoger, utilizar y compartir datos sobre la ubicaci\u00f3n geogr\u00e1fica del usuario con el fin de proporcionar servicios basados en la localizaci\u00f3n.<br \/>\nLa mayor\u00eda de los navegadores y dispositivos proporcionan por defecto herramientas para denegar el seguimiento geogr\u00e1fico. Si el usuario ha autorizado expresamente esta posibilidad, este sitio puede recibir informaci\u00f3n sobre su ubicaci\u00f3n geogr\u00e1fica real.<br \/>\nDatos personales recogidos: Situaci\u00f3n geogr\u00e1fica.<\/p>","protected":false},"excerpt":{"rendered":"<p>Informaci\u00f3n en virtud del art. 13 del D. Lgs. 196\/03 La presente nota informativa describe, de conformidad y a los efectos del Decreto Legislativo n.\u00ba 196\/2003 en materia de protecci\u00f3n de los datos personales (denominado \u00abC\u00f3digo\u00bb), las modalidades y finalidades de gesti\u00f3n de los datos facilitados por los usuarios del sitio. Se realiza de conformidad [&hellip;]<\/p>\n","protected":false},"author":3,"featured_media":0,"parent":0,"menu_order":100,"comment_status":"closed","ping_status":"closed","template":"","meta":{"_acf_changed":false,"footnotes":""},"class_list":["post-30","page","type-page","status-publish","hentry"],"acf":[],"_links":{"self":[{"href":"https:\/\/www.speedy-care.it\/es\/wp-json\/wp\/v2\/pages\/30","targetHints":{"allow":["GET"]}}],"collection":[{"href":"https:\/\/www.speedy-care.it\/es\/wp-json\/wp\/v2\/pages"}],"about":[{"href":"https:\/\/www.speedy-care.it\/es\/wp-json\/wp\/v2\/types\/page"}],"author":[{"embeddable":true,"href":"https:\/\/www.speedy-care.it\/es\/wp-json\/wp\/v2\/users\/3"}],"replies":[{"embeddable":true,"href":"https:\/\/www.speedy-care.it\/es\/wp-json\/wp\/v2\/comments?post=30"}],"version-history":[{"count":5,"href":"https:\/\/www.speedy-care.it\/es\/wp-json\/wp\/v2\/pages\/30\/revisions"}],"predecessor-version":[{"id":788,"href":"https:\/\/www.speedy-care.it\/es\/wp-json\/wp\/v2\/pages\/30\/revisions\/788"}],"wp:attachment":[{"href":"https:\/\/www.speedy-care.it\/es\/wp-json\/wp\/v2\/media?parent=30"}],"curies":[{"name":"wp","href":"https:\/\/api.w.org\/{rel}","templated":true}]}}